{"id":963,"date":"2020-10-12T02:55:00","date_gmt":"2020-10-12T02:55:00","guid":{"rendered":"https:\/\/taxisalmunecar.es\/what-to-visit-in-almunecar\/"},"modified":"2023-10-25T16:05:45","modified_gmt":"2023-10-25T16:05:45","slug":"what-to-visit-in-almunecar","status":"publish","type":"page","link":"https:\/\/taxisalmunecar.es\/en\/what-to-visit-in-almunecar\/","title":{"rendered":"What to visit in Almu\u00f1ecar"},"content":{"rendered":"\n<div style=\"height:78px\" aria-hidden=\"true\" class=\"wp-block-spacer\"><\/div>\n\n<div class=\"wp-block-cover alignfull\" style=\"min-height:696px\"><span aria-hidden=\"true\" class=\"wp-block-cover__background has-background-dim-0 has-background-dim\"><\/span><img decoding=\"async\" loading=\"lazy\" width=\"1900\" height=\"960\" class=\"wp-block-cover__image-background wp-image-438\" alt=\"\" src=\"http:\/\/taxisalmunecar.es\/wp-content\/uploads\/2020\/10\/tech-startup-about-banner.jpg\" style=\"object-position:75% 46%\" data-object-fit=\"cover\" data-object-position=\"75% 46%\" srcset=\"https:\/\/taxisalmunecar.es\/wp-content\/uploads\/2020\/10\/tech-startup-about-banner.jpg 1900w, https:\/\/taxisalmunecar.es\/wp-content\/uploads\/2020\/10\/tech-startup-about-banner-300x152.jpg 300w, https:\/\/taxisalmunecar.es\/wp-content\/uploads\/2020\/10\/tech-startup-about-banner-1024x517.jpg 1024w, https:\/\/taxisalmunecar.es\/wp-content\/uploads\/2020\/10\/tech-startup-about-banner-768x388.jpg 768w, https:\/\/taxisalmunecar.es\/wp-content\/uploads\/2020\/10\/tech-startup-about-banner-1536x776.jpg 1536w\" sizes=\"(max-width: 1900px) 100vw, 1900px\" \/><div class=\"wp-block-cover__inner-container\">\n<div class=\"wp-block-media-text has-media-on-the-right is-stacked-on-mobile is-vertically-aligned-center\" style=\"grid-template-columns:auto 45%\"><div class=\"wp-block-media-text__content\">\n<h1 class=\"wp-block-heading has-white-color has-text-color\" style=\"font-size:50px\">What to see in Almu\u00f1ecar?<\/h1>\n\n\n\n<h3 class=\"wp-block-heading has-ast-global-color-5-color has-text-color\">Book your taxi, call 652936779 or fill in the form.<\/h3>\n\n\n\n<div class=\"wp-block-buttons is-layout-flex\">\n<div class=\"wp-block-button\"><a class=\"wp-block-button__link has-luminous-vivid-amber-to-luminous-vivid-orange-gradient-background has-background wp-element-button\" href=\"tel:+34652936779\">CALL NOW<\/a><\/div>\n<\/div>\n\n\n\n<p class=\"has-text-color\" style=\"color:#f6fcff\">Discover the best places and most interesting sights that await you when you travel to Almu\u00f1ecar.<\/p>\n<\/div><figure class=\"wp-block-media-text__media\"><img decoding=\"async\" loading=\"lazy\" width=\"1024\" height=\"682\" src=\"https:\/\/taxisalmunecar.es\/wp-content\/uploads\/2021\/09\/almunecar-2817333_1280-1024x682.jpeg\" alt=\"\" class=\"wp-image-751 size-full\" srcset=\"https:\/\/taxisalmunecar.es\/wp-content\/uploads\/2021\/09\/almunecar-2817333_1280-1024x682.jpeg 1024w, https:\/\/taxisalmunecar.es\/wp-content\/uploads\/2021\/09\/almunecar-2817333_1280-300x200.jpeg 300w, https:\/\/taxisalmunecar.es\/wp-content\/uploads\/2021\/09\/almunecar-2817333_1280-768x512.jpeg 768w, https:\/\/taxisalmunecar.es\/wp-content\/uploads\/2021\/09\/almunecar-2817333_1280.jpeg 1280w\" sizes=\"(max-width: 1024px) 100vw, 1024px\" \/><\/figure><\/div>\n\n\n\n<p><\/p>\n<\/div><\/div>\n\n<p><\/p>\n\n<p>Almu\u00f1\u00e9car, Salobre\u00f1a and Motril are the coastal resorts of Granada, belonging to the so-called Costa Tropical. Mediterranean coastal strip extending for 72 km. There are many small coves and beaches, with an average annual temperature of 20\u00ba. These three coastal municipalities offer tourists a wide and different range of things to see and do. These are special places for fans of sun and beach, water sports and cultural tourism. It is a Spanish council in the province of Granada, in the autonomous social network of Andalusia.<\/p>\n\n<p><\/p>\n\n<h2 class=\"wp-block-heading\"><meta charset=\"utf-8\"\/><strong>What to see in Almu\u00f1\u00e9car?<\/strong><\/h2>\n\n<p><\/p>\n\n<div class=\"wp-block-uagb-container uagb-block-940ab869 alignfull uagb-is-root-container\"><div class=\"uagb-container-inner-blocks-wrap\">\n<div class=\"wp-block-uagb-image aligncenter uagb-block-60e21f3d wp-block-uagb-image--layout-default wp-block-uagb-image--effect-static wp-block-uagb-image--align-center\"><figure class=\"wp-block-uagb-image__figure\"><img decoding=\"async\" srcset=\"https:\/\/taxisalmunecar.es\/wp-content\/uploads\/2023\/10\/almunecar-banner-1024x349.jpg ,https:\/\/taxisalmunecar.es\/wp-content\/uploads\/2023\/10\/almunecar-banner-scaled.jpg 780w, https:\/\/taxisalmunecar.es\/wp-content\/uploads\/2023\/10\/almunecar-banner-scaled.jpg 360w\" sizes=\"(max-width: 480px) 150px\" src=\"https:\/\/taxisalmunecar.es\/wp-content\/uploads\/2023\/10\/almunecar-banner-1024x349.jpg\" alt=\"\" class=\"uag-image-986\" width=\"1299\" height=\"443\" title=\"\" loading=\"lazy\"\/><\/figure><\/div>\n\n\n\n<div class=\"wp-block-uagb-container uagb-block-5190f718\">\n<div class=\"wp-block-uagb-info-box uagb-block-d443c5f5 uagb-infobox__content-wrap  uagb-infobox-icon-above-title uagb-infobox-image-valign-top\"><div class=\"uagb-ifb-content\"><div class=\"uagb-ifb-title-wrap\"><h2 class=\"uagb-ifb-title\"><a href=\"https:\/\/www.civitatis.com\/es\/almunecar\/visita-guiada-almunecar?aid=103581\" target=\"_blank\" rel=\"noreferrer noopener nofollow\">Do you want to enjoy a free tour of Almu\u00f1ecar?<\/a><\/h2><\/div><p class=\"uagb-ifb-desc\">On the free tour of Almu\u00f1\u00e9car, you will have the opportunity to explore highlights such as the Roman aqueduct of La Carrera, the church of La Encarnaci\u00f3n and other places of interest in this charming town in the province of Granada. This free tour will take you to discover the rich history and beauty of Almu\u00f1\u00e9car, offering you an enriching experience to get to know its cultural and architectural heritage. A visit to landmarks such as the Roman aqueduct and the church of La Encarnaci\u00f3n is sure to leave a lasting impression of this picturesque town.<br\/><\/p><div class=\"uagb-ifb-button-wrapper wp-block-button\"><a href=\"https:\/\/www.civitatis.com\/es\/almunecar\/visita-guiada-almunecar?aid=103581\" class=\"uagb-infobox-cta-link wp-block-button__link\" target=\"_blank\" rel=\"noopener noreferrer\" onclick=\"return true;\" alt=\"\"><span class=\"uagb-inline-editing\">BOOK NOW!<\/span><\/a><\/div><\/div><\/div>\n<\/div>\n<\/div><\/div>\n\n<div style=\"height:63px\" aria-hidden=\"true\" class=\"wp-block-spacer\"><\/div>\n\n<p>The coast of Granada belongs to the most used coastal options in Spain. Sun, beach and Andalusian cuisine: what more could you ask for? An itinerary and accommodation on the Costa Tropical can take you to such attractive places as Almu\u00f1\u00e9car, a town on the Mediterranean coast that borders other municipalities in Granada such as Jete or Salobre\u00f1a, as well as the Malaga town of Nerja.<\/p>\n\n<p>And although the fact of lying on its beaches is perhaps the most interesting of its proposals a priori, it must be taken into account that Almu\u00f1\u00e9car is not only that. This seaside town offers an extensive choice of activities, with some very attractive tourist sites.<\/p>\n\n<p>Almu\u00f1\u00e9car has, among other things, the <strong>castle of San Miguel<\/strong>. The castle is apparent from most of the town and is located on a prominent hilltop. It is estimated that there was a settlement here in the Punic period and remains of a Roman fortress have been found. Nevertheless, the castle became important in Nasrid times, primarily for its prison and dungeons, and it was here, right here, that dethroned sultans, military leaders and fallen ministers were arrested.<\/p>\n\n<p>Near this castle is a charming neighbourhood. The so-called <strong>castle neighbourhood<\/strong> is full of streets decorated with a multitude of mosaics. White houses, very typical of the Andalusian villages, which do not leave the decoration to chance; the town hall has the function that every year the inhabitants of these houses take care of them, organising different competitions for the fa\u00e7ades.<\/p>\n\n<p>The <strong>Cueva de los Siete Palacios<\/strong> and the Archaeological Museum are also worth a visit. It is in the basement of an obsolete building in Rome. Within it, there are several examples of the council&#8217;s historical past. Here are the special remains of the city of the dead. In addition, you will find enigmatic pieces such as the Egyptian vase from the 18th century BC, carved in solid quartz and with a huge set of hieroglyphic inscriptions that claim to be part of the period of the Pharaoh Apophis I.<\/p>\n\n<p>From the Roman period, the village still has the <strong>Roman aqueduct<\/strong>, as well as the salt mines. It should be emphasised that the aqueduct was built to supply drinking water to the Almu\u00f1\u00e9car salting industry.<\/p>\n\n<p>One of the most beautiful buildings in this town is the <strong>Palacete de la Najarra<\/strong>. It is a neo-Arabic style building in the tradition of Moorish houses and gardens. It was built in the 19th century and its decoration, with its tiled wall hangings and plinths, as well as the frescoes and Mozarabs inside, make it a real eye-catcher. The well-kept garden, full of cypresses and palm trees, is also impressive.<\/p>\n\n<p>The <strong>beautifully manicured garden<\/strong>, full of cypresses and palm trees, is also impressive. It is located in the centre of the region and has an extensive collection, the largest and most complete in Spain, of these curious miniature trees. You will be able to see bonsai trees with apples, olives, pomegranates and cork oaks.<\/p>\n\n<p>The <strong>gastronomic heritage<\/strong> is also noteworthy. As a town in Granada, you can&#8217;t miss the &#8220;ca\u00f1a&#8221; and the &#8220;tapa&#8221;. But don&#8217;t forget to try some of the country&#8217;s specialities, such as the Torta de al-Haju, made with almond honey, cloves, lemon zest and breadcrumbs, or the famous Olla Moh\u00edna, of Mozarabic origin and with ingredients such as almonds, cinnamon, matalah\u00faga and syrup.<\/p>\n\n<p>If you are planning to visit Almu\u00f1\u00e9car in the near future, you should also understand that it has a high quality hotel offer. Coastal hotels that will allow you to get to know the town in peace and quiet and relax on its beaches.<\/p>\n\n<p>An attractive alternative is the <strong>Hotel Best Alcazar<\/strong>, a 4 star hotel established in 2007 next to the popular marina of La Herradura, in the urbanisation of Punta de la Mona, the absolute heart of the Costa Tropical.<\/p>\n\n<p>One option, also on the same level as the previous one, is the <strong>Hotel Victoria Playa,<\/strong> a 4-star hotel located only 200 metres from the tourist beach of San Crist\u00f3bal, and only a 15-minute walk from the commercial centre and the old town.<\/p>\n\n<h2 class=\"wp-block-heading\"><meta charset=\"utf-8\"\/><strong>Places to visit in Almu\u00f1\u00e9car<\/strong><\/h2>\n\n<p>The town of Almu\u00f1\u00e9car has several cultural attractions. A visit to its historical and artistic heritage will give you an insight into the past and present of this town on the Costa Tropical. Now, a list of the attractive things you have the possibility to see:<\/p>\n\n<p><strong>Castillo de San Miguel<\/strong>. In the region&#8217;s museum, which is also known as the Museum of the History of Tourism, the neoclassical pavilion houses are on display.<\/p>\n\n<p><strong>Castillo de la Herradura<\/strong>. It was requested by Charles III in the 18th century. It is on the beach of La Herradura.<\/p>\n\n<p><strong>Cueva de Siete Palacios.<\/strong> Today it is the home of the Almu\u00f1\u00e9car Archaeological Museum.<\/p>\n\n<p> <strong>Palacete de la Najarra.<\/strong> Headquarters of the Almu\u00f1\u00e9car Municipal Tourist Office and the Municipal Tourist Information Office.<\/p>\n\n<p><strong>Columbario romano de la Torre del Monje<\/strong>. Funerary vault from the 1st century AD. C. located in the neighbourhood of Torrecuevas.<\/p>\n\n<p><strong>Puente romano<\/strong>. Located in the neighbourhood of Cotobro.<\/p>\n\n<p><strong>Acueducto de roma<\/strong>. Proclaimed of Cultural Interest.<\/p>\n\n<p><strong>Church of La Encarnaci\u00f3n.<\/strong> The first Baroque temple in the province of Granada. Designed by the architect of rey Felipe II, with a beautiful tower work by Diego de Silo\u00e9.<\/p>\n\n<p><strong>Iglesia de San Jos\u00e9.<\/strong> Old hermitage in La Herradura where the patron saint of the village is venerated.<\/p>\n\n<p>For <strong>nature lovers<\/strong>, Almu\u00f1\u00e9car has 4 areas of particular interest:<\/p>\n\n<p><strong>Parque bot\u00e1nico y arqueol\u00f3gico, El Majuelo<\/strong>. With well over 180 examples of representative plants from the tropics. Inside are also the remains of a fish salting factory from the Roman period. In its Craft Occupation Centre you have the possibility to get handicraft products.<\/p>\n\n<p><strong>Loro Sexi Ornithological Botanical Park.<\/strong> With over 1500 bird specimens. Common pigeon, peacock, ostrich, parrot, cockatoo, swan, duck,&#8230;<\/p>\n\n<p><strong>Parque Natural de Pe\u00f1a Escrita<\/strong>. Here you can enjoy a wide variety of plants and see wild animals such as deer and wild goats. It also has a hostel where you can try typical dishes from the cuisine of Almunecar.<\/p>\n\n<p><strong>Natural Site Acantilados de Maro-Cerro Gordo.<\/strong> A terrestrial marine park with beautiful cliffs and an attractive diversity of flora and fauna. It also offers numerous hiking trails.<\/p>\n\n<h2 class=\"wp-block-heading\">What activities or plans are there in Almu\u00f1ecar?<\/h2>\n\n<p>Among the many things to do in Almu\u00f1\u00e9car, <strong>water sports<\/strong> stand out.<\/p>\n\n<p>The Herradura region is of particular interest to tourists who want to train <strong>diving<\/strong> at some time of the year.<\/p>\n\n<p>Another considerable enclave for tourists wishing to train in water sports is the Puerto Deportivo del Este.<\/p>\n\n<p>In Almu\u00f1\u00e9car you also have the possibility to train adventure activities such as <strong>paragliding<\/strong> and <strong>canyoning<\/strong>, as well as <strong>hiking<\/strong> and <strong>horse riding<\/strong>.<\/p>\n\n<p>Another thing you have to do if you are a tourist in Almu\u00f1\u00e9car is to enjoy its <strong>gastronomy<\/strong>. Salads, meat and fish accompanied by tropical fruits such as mango and avocado belong to the different menus of the bars and eating places in Almu\u00f1\u00e9car.<\/p>\n\n<p>The <strong>Almu\u00f1\u00e9car Gastronomic Fair<\/strong> is held every spring in the Parque del Majuelo.<\/p>\n\n<p>Enjoying the usual and contemporary fiestas is another of the things you can do in Almu\u00f1\u00e9car.<\/p>\n\n<p><strong>La Feria de Almu\u00f1\u00e9car<\/strong>. It is celebrated in August and lasts for a week. It ends with the procession of the patron saints and pyromusical fireworks. Feria de la Herradura. It takes place in March and lasts a weekend.<\/p>\n\n<p><strong>Feria del Vecindario de San Sebasti\u00e1n<\/strong>. Throughout the <strong>1 May<\/strong> long weekend.<\/p>\n\n<p><strong>Fiestas de San Juan. The night of 23-24 June.<\/strong> Locals and visitors to Almu\u00f1\u00e9car gather around the bonfires that are lit on the town&#8217;s beaches from midnight onwards. It is a tradition, the ritual of washing one&#8217;s face or bathing to look good. The town council is handing out the usual oil buns with boiled eggs on the beach of Puerta del Mar. <\/p>\n\n<p>Fiesta del <strong>Vecindario de Los Marinos<\/strong>. To celebrate the feast day of the Virgen del Carmen, with a sea procession and leisure activities over the course of a weekend.<\/p>\n\n<p>Fiestas del <strong>Vecindario de San Miguel<\/strong>. From 28 to 30 September.<\/p>\n\n<p>Fiestas del <strong>Vecindario de Torrecuevas<\/strong>. Also popular as the Festivity of the Virgen del Pilar. It coincides with the feast of the Virgen del Pilar on 12 October and lasts three days. Popular festivals, competitions and wine tastings are part of the programme.<\/p>\n\n<h2 class=\"wp-block-heading\">What to visit near Almu\u00f1ecar<\/h2>\n\n<p>The old town of Salobre\u00f1a is a monument in itself and one of the most important attractions of the region. The most picturesque quarters are La Loma, La Fuente, El Brocal and El Albaic\u00edn.<\/p>\n\n<h3 class=\"wp-block-heading\">Monuments and places to visit in Salobre\u00f1a<\/h3>\n\n<p><strong>Arabic castle.<\/strong> Phoenician fortress reformed by the Romans, Arabs and Christians. Its elevated position provides a panoramic view of the region and its surroundings. The most sensational views are from its towers. It has a summer auditorium where theatre performances and other cultural events, such as medieval dinners, are held.<\/p>\n\n<p><strong>Iglesia del Rosario.<\/strong> Mudejar-style temple, built on the site of a 16th-century mosque.<\/p>\n\n<p><strong>La B\u00f3veda.<\/strong> Passageway linking the Albaic\u00edn with the heart of the old Medina.<\/p>\n\n<p><strong>Mirador del Albaic\u00edn.<\/strong> Located 98 metres above the Tagus, from where you can enjoy an incredible panoramic view.<\/p>\n\n<p><strong>Mirador del Postigo.<\/strong> A balcony overlooking the northern part of Salobre\u00f1a, from where you can see the highest mountain in the region, the &#8220;Pico de la Guindalera&#8221;, 1,072 metres high.<\/p>\n\n<p><strong>El Torre\u00f3n.<\/strong> Remains of the wall located in the Brocal neighbourhood.<\/p>\n\n<p>Apart from strolling through the streets of the centre of the region and discovering its monuments, there are other <strong>interesting activities<\/strong> to do in Salobre\u00f1a.<\/p>\n\n<p><strong>Birdwatching<\/strong>. Places in Salobre\u00f1a from where you have the chance to see different species of birds flying in the sky over the town: the cliffs of Caleta, Tajo de Salobre\u00f1a, Punta del R\u00edo, Valle de Salobre\u00f1a and Tajo de los Vados.<\/p>\n\n<p>Train <strong>hiking<\/strong> and mountain biking on the various hiking trails of the Salobre\u00f1a Town Hall.<\/p>\n\n<p>Try the <strong>Chirimoya<\/strong> route. Visit the valley of Salobre\u00f1a and learn all about this fruit. Train in water sports on its beaches such as surfing, kitesurfing, kayaking, fishing, diving&#8230; Enjoy the delicacies of the gastronomy of Salobre\u00f1a. Fish, seafood and tropical fruits such as custard apple, avocado and mango. Products that are the basis of countless common and original recipes.<\/p>\n\n<h3 class=\"wp-block-heading\">Monuments and places to visit in MOTRIL<\/h3>\n\n<p>Motril is the second largest town in the province of Granada. One of the tourist places of interest for all those who are looking for sun and beach and for all those who want to train sports like diving and windsurfing, etc. Churches, interpretation centres, museums and other buildings of historical-artistic interest make up the sample of attractive things to see in Motril. Santuario de Nuestra Se\u00f1ora de la Cabeza. Temple built on the ruins of a Nasrid castle, which underwent numerous reconstructions throughout history.<\/p>\n\n<p><strong>Iglesia de la Encarnaci\u00f3n<\/strong>. Mudejar Gothic style. Built on the site of an old mosque. Listed as an asset of cultural interest. Parque de los Pueblos de Am\u00e9rica. It is next to the sanctuary of the Virgen de la Cabeza. It has well over 50 exotic and subtropical trees and shrubs that come from different parts of the Americas. <\/p>\n\n<p><strong>Pre-Industrial Sugar Museum.<\/strong> The most important museum in Motril. Didactic and entertaining, it teaches the development of sugar construction and sales between the 13th and 18th centuries. It houses the oldest mill in Europe and an attractive collection of utensils. It exhibits a large-scale reproduction of the mills and dams, the dirty cooking and cleaning of the sugar frames. It reflects Motril&#8217;s worldwide position in sugar production. <\/p>\n\n<p><strong>Casa de La Palma.<\/strong> Old sugar factory now transformed into a cultural centre in Motril Its coffered ceiling and its interior garden with plants and trees brought from America are attractive. Bodega Ron Montero. Established in 1963 by a family with a long tradition of sugar cane production.<\/p>\n\n<p><strong>Motril History Museum.<\/strong> It is in the Casa Garc\u00e9s and gives an insight into the long history of this Costa Tropical town. Agrotourism routes. A perfect initiative for fans of nature and Motril&#8217;s typical agricultural products.<\/p>\n\n<p><strong>Cycling<\/strong> and <strong>hiking<\/strong> routes around the town of Motril.<\/p>\n\n<p>Training for sports such as <strong>windsurfing, paragliding, golf, scuba diving&#8230;<\/strong><\/p>\n\n<p>Throughout your trip, you will have to try the most usual and creative tapas and <strong>gastronomy<\/strong> of Motril. <strong>Motril prawn<\/strong>s, octopus, horse mackerel and tropical fruits are the basis of many recipes. Avocado, mango and yellowtail strudel salad, guava salad with anchovies and quinces with mango vinaigrette&#8230;<\/p>\n\n<p>Plan your trip in advance and <\/p>\n\n<div class=\"wp-block-group alignfull has-white-background-color has-background is-layout-flow\"><div class=\"wp-block-group__inner-container\">\n<figure class=\"wp-block-pullquote is-style-solid-color\"><blockquote><p>IF YOU WANT TO VISIT ANY OF THESE PLACES DO NOT HESITATE TO CALL US 652936779<\/p><cite>You can book a taxi for less than you think.<\/cite><\/blockquote><\/figure>\n<\/div><\/div>\n","protected":false},"excerpt":{"rendered":"<p>Almu\u00f1\u00e9car, Salobre\u00f1a and Motril are the coastal resorts of Granada, belonging to the so-called Costa Tropical. Mediterranean coastal strip extending for 72 km. There are many small coves and beaches, with an average annual temperature of 20\u00ba. These three coastal municipalities offer tourists a wide and different range of things to see and do. These &hellip;<\/p>\n<p class=\"read-more\"> <a class=\"\" href=\"https:\/\/taxisalmunecar.es\/en\/what-to-visit-in-almunecar\/\"> <span class=\"screen-reader-text\">What to visit in Almu\u00f1ecar<\/span> Read More &raquo;<\/a><\/p>\n","protected":false},"author":1,"featured_media":958,"parent":0,"menu_order":0,"comment_status":"closed","ping_status":"closed","template":"","meta":{"_uag_custom_page_level_css":"","site-sidebar-layout":"no-sidebar","site-content-layout":"plain-container","ast-site-content-layout":"","site-content-style":"default","site-sidebar-style":"default","ast-global-header-display":"","ast-banner-title-visibility":"","ast-main-header-display":"","ast-hfb-above-header-display":"","ast-hfb-below-header-display":"","ast-hfb-mobile-header-display":"","site-post-title":"disabled","ast-breadcrumbs-content":"","ast-featured-img":"disabled","footer-sml-layout":"","theme-transparent-header-meta":"disabled","adv-header-id-meta":"","stick-header-meta":"","header-above-stick-meta":"","header-main-stick-meta":"","header-below-stick-meta":"","astra-migrate-meta-layouts":"","ast-page-background-enabled":"default","ast-page-background-meta":{"desktop":{"background-color":"","background-image":"","background-repeat":"repeat","background-position":"center center","background-size":"auto","background-attachment":"scroll","background-type":"","background-media":"","overlay-type":"","overlay-color":"","overlay-gradient":""},"tablet":{"background-color":"","background-image":"","background-repeat":"repeat","background-position":"center center","background-size":"auto","background-attachment":"scroll","background-type":"","background-media":"","overlay-type":"","overlay-color":"","overlay-gradient":""},"mobile":{"background-color":"","background-image":"","background-repeat":"repeat","background-position":"center center","background-size":"auto","background-attachment":"scroll","background-type":"","background-media":"","overlay-type":"","overlay-color":"","overlay-gradient":""}},"ast-content-background-meta":{"desktop":{"background-color":"var(--ast-global-color-5)","background-image":"","background-repeat":"repeat","background-position":"center center","background-size":"auto","background-attachment":"scroll","background-type":"","background-media":"","overlay-type":"","overlay-color":"","overlay-gradient":""},"tablet":{"background-color":"var(--ast-global-color-5)","background-image":"","background-repeat":"repeat","background-position":"center center","background-size":"auto","background-attachment":"scroll","background-type":"","background-media":"","overlay-type":"","overlay-color":"","overlay-gradient":""},"mobile":{"background-color":"var(--ast-global-color-5)","background-image":"","background-repeat":"repeat","background-position":"center center","background-size":"auto","background-attachment":"scroll","background-type":"","background-media":"","overlay-type":"","overlay-color":"","overlay-gradient":""}}},"uagb_featured_image_src":{"full":["https:\/\/taxisalmunecar.es\/wp-content\/uploads\/2021\/09\/almunecar-2817333_1280.jpeg",1280,853,false],"thumbnail":["https:\/\/taxisalmunecar.es\/wp-content\/uploads\/2021\/09\/almunecar-2817333_1280-150x150.jpeg",150,150,true],"medium":["https:\/\/taxisalmunecar.es\/wp-content\/uploads\/2021\/09\/almunecar-2817333_1280-300x200.jpeg",300,200,true],"medium_large":["https:\/\/taxisalmunecar.es\/wp-content\/uploads\/2021\/09\/almunecar-2817333_1280-768x512.jpeg",768,512,true],"large":["https:\/\/taxisalmunecar.es\/wp-content\/uploads\/2021\/09\/almunecar-2817333_1280-1024x682.jpeg",1024,682,true],"1536x1536":["https:\/\/taxisalmunecar.es\/wp-content\/uploads\/2021\/09\/almunecar-2817333_1280.jpeg",1280,853,false],"2048x2048":["https:\/\/taxisalmunecar.es\/wp-content\/uploads\/2021\/09\/almunecar-2817333_1280.jpeg",1280,853,false]},"uagb_author_info":{"display_name":"javiguidet","author_link":"https:\/\/taxisalmunecar.es\/en\/author\/javiguidet\/"},"uagb_comment_info":0,"uagb_excerpt":"Almu\u00f1\u00e9car, Salobre\u00f1a and Motril are the coastal resorts of Granada, belonging to the so-called Costa Tropical. Mediterranean coastal strip extending for 72 km. There are many small coves and beaches, with an average annual temperature of 20\u00ba. These three coastal municipalities offer tourists a wide and different range of things to see and do. These&hellip;","_links":{"self":[{"href":"https:\/\/taxisalmunecar.es\/en\/wp-json\/wp\/v2\/pages\/963"}],"collection":[{"href":"https:\/\/taxisalmunecar.es\/en\/wp-json\/wp\/v2\/pages"}],"about":[{"href":"https:\/\/taxisalmunecar.es\/en\/wp-json\/wp\/v2\/types\/page"}],"author":[{"embeddable":true,"href":"https:\/\/taxisalmunecar.es\/en\/wp-json\/wp\/v2\/users\/1"}],"replies":[{"embeddable":true,"href":"https:\/\/taxisalmunecar.es\/en\/wp-json\/wp\/v2\/comments?post=963"}],"version-history":[{"count":2,"href":"https:\/\/taxisalmunecar.es\/en\/wp-json\/wp\/v2\/pages\/963\/revisions"}],"predecessor-version":[{"id":995,"href":"https:\/\/taxisalmunecar.es\/en\/wp-json\/wp\/v2\/pages\/963\/revisions\/995"}],"wp:featuredmedia":[{"embeddable":true,"href":"https:\/\/taxisalmunecar.es\/en\/wp-json\/wp\/v2\/media\/958"}],"wp:attachment":[{"href":"https:\/\/taxisalmunecar.es\/en\/wp-json\/wp\/v2\/media?parent=963"}],"curies":[{"name":"wp","href":"https:\/\/api.w.org\/{rel}","templated":true}]}}